{"id":1637,"date":"2026-02-23T11:40:37","date_gmt":"2026-02-23T11:40:37","guid":{"rendered":"https:\/\/montevelho.pt\/?page_id=1637"},"modified":"2026-04-08T16:08:50","modified_gmt":"2026-04-08T15:08:50","slug":"booking","status":"publish","type":"page","link":"https:\/\/montevelho.pt\/pt\/booking\/","title":{"rendered":"Reservas"},"content":{"rendered":"<p>No Monte Velho, a estadia pode ser desenhada de forma livre, com quarto e extras \u00e0 escolha, ou vivida atrav\u00e9s dos nossos packs equestres, que combinam alojamento, equita\u00e7\u00e3o e refei\u00e7\u00f5es.<\/p>","protected":false},"excerpt":{"rendered":"<p>No Monte Velho, a estadia pode ser desenhada de forma livre, com quarto e extras \u00e0 escolha, ou vivida atrav\u00e9s dos nossos packs equestres, que combinam alojamento, equita\u00e7\u00e3o e refei\u00e7\u00f5es.<\/p>","protected":false},"author":3,"featured_media":1962,"parent":0,"menu_order":6,"comment_status":"closed","ping_status":"closed","template":"page-booking.php","meta":{"_acf_changed":false,"inline_featured_image":false,"footnotes":""},"class_list":["post-1637","page","type-page","status-publish","has-post-thumbnail","hentry"],"acf":[],"yoast_head":"<!-- This site is optimized with the Yoast SEO plugin v27.4 - https:\/\/yoast.com\/product\/yoast-seo-wordpress\/ -->\n<title>Booking - Monte Velho<\/title>\n<meta name=\"robots\" content=\"index, follow, max-snippet:-1, max-image-preview:large, max-video-preview:-1\" \/>\n<link rel=\"canonical\" href=\"https:\/\/montevelho.pt\/pt\/booking\/\" \/>\n<meta property=\"og:locale\" content=\"pt_PT\" \/>\n<meta property=\"og:type\" content=\"article\" \/>\n<meta property=\"og:title\" content=\"Booking - Monte Velho\" \/>\n<meta property=\"og:description\" content=\"At Monte Velho, your stay can be designed freely \u2014 choosing your room and extras \u2014 or experienced through our equestrian packages, which combine accommodation, horse riding and meals.\" \/>\n<meta property=\"og:url\" content=\"https:\/\/montevelho.pt\/pt\/booking\/\" \/>\n<meta property=\"og:site_name\" content=\"Monte Velho\" \/>\n<meta property=\"article:modified_time\" content=\"2026-04-08T15:08:50+00:00\" \/>\n<meta property=\"og:image\" content=\"https:\/\/montevelho.pt\/wp-content\/uploads\/2026\/03\/mv_standardPrancheta-4-100.jpg\" \/>\n\t<meta property=\"og:image:width\" content=\"4752\" \/>\n\t<meta property=\"og:image:height\" content=\"1569\" \/>\n\t<meta property=\"og:image:type\" content=\"image\/jpeg\" \/>\n<meta name=\"twitter:card\" content=\"summary_large_image\" \/>\n<meta name=\"twitter:label1\" content=\"Tempo estimado de leitura\" \/>\n\t<meta name=\"twitter:data1\" content=\"4 minutos\" \/>\n<script type=\"application\/ld+json\" class=\"yoast-schema-graph\">{\"@context\":\"https:\\\/\\\/schema.org\",\"@graph\":[{\"@type\":\"WebPage\",\"@id\":\"https:\\\/\\\/montevelho.pt\\\/pt\\\/booking\\\/\",\"url\":\"https:\\\/\\\/montevelho.pt\\\/pt\\\/booking\\\/\",\"name\":\"Booking - Monte Velho\",\"isPartOf\":{\"@id\":\"https:\\\/\\\/montevelho.pt\\\/pt\\\/#website\"},\"primaryImageOfPage\":{\"@id\":\"https:\\\/\\\/montevelho.pt\\\/pt\\\/booking\\\/#primaryimage\"},\"image\":{\"@id\":\"https:\\\/\\\/montevelho.pt\\\/pt\\\/booking\\\/#primaryimage\"},\"thumbnailUrl\":\"https:\\\/\\\/montevelho.pt\\\/wp-content\\\/uploads\\\/2026\\\/03\\\/mv_standardPrancheta-4-100.jpg\",\"datePublished\":\"2026-02-23T11:40:37+00:00\",\"dateModified\":\"2026-04-08T15:08:50+00:00\",\"breadcrumb\":{\"@id\":\"https:\\\/\\\/montevelho.pt\\\/pt\\\/booking\\\/#breadcrumb\"},\"inLanguage\":\"pt-PT\",\"potentialAction\":[{\"@type\":\"ReadAction\",\"target\":[\"https:\\\/\\\/montevelho.pt\\\/pt\\\/booking\\\/\"]}]},{\"@type\":\"ImageObject\",\"inLanguage\":\"pt-PT\",\"@id\":\"https:\\\/\\\/montevelho.pt\\\/pt\\\/booking\\\/#primaryimage\",\"url\":\"https:\\\/\\\/montevelho.pt\\\/wp-content\\\/uploads\\\/2026\\\/03\\\/mv_standardPrancheta-4-100.jpg\",\"contentUrl\":\"https:\\\/\\\/montevelho.pt\\\/wp-content\\\/uploads\\\/2026\\\/03\\\/mv_standardPrancheta-4-100.jpg\",\"width\":4752,\"height\":1569},{\"@type\":\"BreadcrumbList\",\"@id\":\"https:\\\/\\\/montevelho.pt\\\/pt\\\/booking\\\/#breadcrumb\",\"itemListElement\":[{\"@type\":\"ListItem\",\"position\":1,\"name\":\"Home\",\"item\":\"https:\\\/\\\/montevelho.pt\\\/pt\\\/\"},{\"@type\":\"ListItem\",\"position\":2,\"name\":\"Booking\"}]},{\"@type\":\"WebSite\",\"@id\":\"https:\\\/\\\/montevelho.pt\\\/pt\\\/#website\",\"url\":\"https:\\\/\\\/montevelho.pt\\\/pt\\\/\",\"name\":\"Monte Velho\",\"description\":\"\",\"publisher\":{\"@id\":\"https:\\\/\\\/montevelho.pt\\\/pt\\\/#organization\"},\"potentialAction\":[{\"@type\":\"SearchAction\",\"target\":{\"@type\":\"EntryPoint\",\"urlTemplate\":\"https:\\\/\\\/montevelho.pt\\\/pt\\\/?s={search_term_string}\"},\"query-input\":{\"@type\":\"PropertyValueSpecification\",\"valueRequired\":true,\"valueName\":\"search_term_string\"}}],\"inLanguage\":\"pt-PT\"},{\"@type\":\"Organization\",\"@id\":\"https:\\\/\\\/montevelho.pt\\\/pt\\\/#organization\",\"name\":\"Monte Velho\",\"url\":\"https:\\\/\\\/montevelho.pt\\\/pt\\\/\",\"logo\":{\"@type\":\"ImageObject\",\"inLanguage\":\"pt-PT\",\"@id\":\"https:\\\/\\\/montevelho.pt\\\/pt\\\/#\\\/schema\\\/logo\\\/image\\\/\",\"url\":\"https:\\\/\\\/montevelho.pt\\\/wp-content\\\/uploads\\\/2026\\\/04\\\/organization-logo.png\",\"contentUrl\":\"https:\\\/\\\/montevelho.pt\\\/wp-content\\\/uploads\\\/2026\\\/04\\\/organization-logo.png\",\"width\":696,\"height\":696,\"caption\":\"Monte Velho\"},\"image\":{\"@id\":\"https:\\\/\\\/montevelho.pt\\\/pt\\\/#\\\/schema\\\/logo\\\/image\\\/\"}}]}<\/script>\n<!-- \/ Yoast SEO plugin. -->","yoast_head_json":{"title":"Booking - Monte Velho","robots":{"index":"index","follow":"follow","max-snippet":"max-snippet:-1","max-image-preview":"max-image-preview:large","max-video-preview":"max-video-preview:-1"},"canonical":"https:\/\/montevelho.pt\/pt\/booking\/","og_locale":"pt_PT","og_type":"article","og_title":"Booking - Monte Velho","og_description":"At Monte Velho, your stay can be designed freely \u2014 choosing your room and extras \u2014 or experienced through our equestrian packages, which combine accommodation, horse riding and meals.","og_url":"https:\/\/montevelho.pt\/pt\/booking\/","og_site_name":"Monte Velho","article_modified_time":"2026-04-08T15:08:50+00:00","og_image":[{"width":4752,"height":1569,"url":"https:\/\/montevelho.pt\/wp-content\/uploads\/2026\/03\/mv_standardPrancheta-4-100.jpg","type":"image\/jpeg"}],"twitter_card":"summary_large_image","twitter_misc":{"Tempo estimado de leitura":"4 minutos"},"schema":{"@context":"https:\/\/schema.org","@graph":[{"@type":"WebPage","@id":"https:\/\/montevelho.pt\/pt\/booking\/","url":"https:\/\/montevelho.pt\/pt\/booking\/","name":"Booking - Monte Velho","isPartOf":{"@id":"https:\/\/montevelho.pt\/pt\/#website"},"primaryImageOfPage":{"@id":"https:\/\/montevelho.pt\/pt\/booking\/#primaryimage"},"image":{"@id":"https:\/\/montevelho.pt\/pt\/booking\/#primaryimage"},"thumbnailUrl":"https:\/\/montevelho.pt\/wp-content\/uploads\/2026\/03\/mv_standardPrancheta-4-100.jpg","datePublished":"2026-02-23T11:40:37+00:00","dateModified":"2026-04-08T15:08:50+00:00","breadcrumb":{"@id":"https:\/\/montevelho.pt\/pt\/booking\/#breadcrumb"},"inLanguage":"pt-PT","potentialAction":[{"@type":"ReadAction","target":["https:\/\/montevelho.pt\/pt\/booking\/"]}]},{"@type":"ImageObject","inLanguage":"pt-PT","@id":"https:\/\/montevelho.pt\/pt\/booking\/#primaryimage","url":"https:\/\/montevelho.pt\/wp-content\/uploads\/2026\/03\/mv_standardPrancheta-4-100.jpg","contentUrl":"https:\/\/montevelho.pt\/wp-content\/uploads\/2026\/03\/mv_standardPrancheta-4-100.jpg","width":4752,"height":1569},{"@type":"BreadcrumbList","@id":"https:\/\/montevelho.pt\/pt\/booking\/#breadcrumb","itemListElement":[{"@type":"ListItem","position":1,"name":"Home","item":"https:\/\/montevelho.pt\/pt\/"},{"@type":"ListItem","position":2,"name":"Booking"}]},{"@type":"WebSite","@id":"https:\/\/montevelho.pt\/pt\/#website","url":"https:\/\/montevelho.pt\/pt\/","name":"Monte Velho","description":"","publisher":{"@id":"https:\/\/montevelho.pt\/pt\/#organization"},"potentialAction":[{"@type":"SearchAction","target":{"@type":"EntryPoint","urlTemplate":"https:\/\/montevelho.pt\/pt\/?s={search_term_string}"},"query-input":{"@type":"PropertyValueSpecification","valueRequired":true,"valueName":"search_term_string"}}],"inLanguage":"pt-PT"},{"@type":"Organization","@id":"https:\/\/montevelho.pt\/pt\/#organization","name":"Monte Velho","url":"https:\/\/montevelho.pt\/pt\/","logo":{"@type":"ImageObject","inLanguage":"pt-PT","@id":"https:\/\/montevelho.pt\/pt\/#\/schema\/logo\/image\/","url":"https:\/\/montevelho.pt\/wp-content\/uploads\/2026\/04\/organization-logo.png","contentUrl":"https:\/\/montevelho.pt\/wp-content\/uploads\/2026\/04\/organization-logo.png","width":696,"height":696,"caption":"Monte Velho"},"image":{"@id":"https:\/\/montevelho.pt\/pt\/#\/schema\/logo\/image\/"}}]}},"_links":{"self":[{"href":"https:\/\/montevelho.pt\/pt\/wp-json\/wp\/v2\/pages\/1637","targetHints":{"allow":["GET"]}}],"collection":[{"href":"https:\/\/montevelho.pt\/pt\/wp-json\/wp\/v2\/pages"}],"about":[{"href":"https:\/\/montevelho.pt\/pt\/wp-json\/wp\/v2\/types\/page"}],"author":[{"embeddable":true,"href":"https:\/\/montevelho.pt\/pt\/wp-json\/wp\/v2\/users\/3"}],"replies":[{"embeddable":true,"href":"https:\/\/montevelho.pt\/pt\/wp-json\/wp\/v2\/comments?post=1637"}],"version-history":[{"count":47,"href":"https:\/\/montevelho.pt\/pt\/wp-json\/wp\/v2\/pages\/1637\/revisions"}],"predecessor-version":[{"id":2035,"href":"https:\/\/montevelho.pt\/pt\/wp-json\/wp\/v2\/pages\/1637\/revisions\/2035"}],"wp:featuredmedia":[{"embeddable":true,"href":"https:\/\/montevelho.pt\/pt\/wp-json\/wp\/v2\/media\/1962"}],"wp:attachment":[{"href":"https:\/\/montevelho.pt\/pt\/wp-json\/wp\/v2\/media?parent=1637"}],"curies":[{"name":"wp","href":"https:\/\/api.w.org\/{rel}","templated":true}]}}