{"id":1527,"date":"2026-02-01T00:00:46","date_gmt":"2026-02-01T00:00:46","guid":{"rendered":"https:\/\/montevelho.pt\/?page_id=1527"},"modified":"2026-04-08T16:08:12","modified_gmt":"2026-04-08T15:08:12","slug":"equo-resort","status":"publish","type":"page","link":"https:\/\/montevelho.pt\/pt\/equo-resort\/","title":{"rendered":"Monte Velho Equo-Resort"},"content":{"rendered":"<p>No cora\u00e7\u00e3o do Alentejo, entre colinas, cavalos e sil\u00eancio,<br \/>\no Monte Velho Equo-Resort funde-se com a paisagem que o rodeia.<\/p>\n<p>Mais do que um lugar para ficar, o Monte Velho convida ao repouso<br \/>\ne \u00e0 contempla\u00e7\u00e3o. Um ref\u00fagio onde a natureza dita o ritmo<br \/>\ne cada detalhe prolonga o sil\u00eancio.<\/p>","protected":false},"excerpt":{"rendered":"<p>In the heart of Alentejo, among hills, horses, and silence, Monte Velho Equo-Resort blends into the surrounding landscape. More than a place to stay, Monte Velho invites rest and contemplation. A refuge where nature sets the pace and every detail extends the silence.<\/p>","protected":false},"author":3,"featured_media":1947,"parent":0,"menu_order":3,"comment_status":"closed","ping_status":"closed","template":"","meta":{"_acf_changed":false,"inline_featured_image":false,"footnotes":""},"class_list":["post-1527","page","type-page","status-publish","has-post-thumbnail","hentry"],"acf":[],"yoast_head":"<!-- This site is optimized with the Yoast SEO plugin v27.4 - https:\/\/yoast.com\/product\/yoast-seo-wordpress\/ -->\n<title>Monte Velho Equo-Resort - Monte Velho<\/title>\n<meta name=\"robots\" content=\"index, follow, max-snippet:-1, max-image-preview:large, max-video-preview:-1\" \/>\n<link rel=\"canonical\" href=\"https:\/\/montevelho.pt\/pt\/equo-resort\/\" \/>\n<meta property=\"og:locale\" content=\"pt_PT\" \/>\n<meta property=\"og:type\" content=\"article\" \/>\n<meta property=\"og:title\" content=\"Monte Velho Equo-Resort - Monte Velho\" \/>\n<meta property=\"og:description\" content=\"In the heart of Alentejo, among hills, horses, and silence, Monte Velho Equo-Resort blends into the surrounding landscape. More than a place to stay, Monte Velho invites rest and contemplation. A refuge where nature sets the pace and every detail extends the silence.\" \/>\n<meta property=\"og:url\" content=\"https:\/\/montevelho.pt\/pt\/equo-resort\/\" \/>\n<meta property=\"og:site_name\" content=\"Monte Velho\" \/>\n<meta property=\"article:modified_time\" content=\"2026-04-08T15:08:12+00:00\" \/>\n<meta property=\"og:image\" content=\"https:\/\/montevelho.pt\/wp-content\/uploads\/2026\/03\/mv_equoresort_capa.jpg\" \/>\n\t<meta property=\"og:image:width\" content=\"4752\" \/>\n\t<meta property=\"og:image:height\" content=\"1569\" \/>\n\t<meta property=\"og:image:type\" content=\"image\/jpeg\" \/>\n<meta name=\"twitter:card\" content=\"summary_large_image\" \/>\n<meta name=\"twitter:label1\" content=\"Tempo estimado de leitura\" \/>\n\t<meta name=\"twitter:data1\" content=\"4 minutos\" \/>\n<script type=\"application\/ld+json\" class=\"yoast-schema-graph\">{\"@context\":\"https:\\\/\\\/schema.org\",\"@graph\":[{\"@type\":\"WebPage\",\"@id\":\"https:\\\/\\\/montevelho.pt\\\/pt\\\/equo-resort\\\/\",\"url\":\"https:\\\/\\\/montevelho.pt\\\/pt\\\/equo-resort\\\/\",\"name\":\"Monte Velho Equo-Resort - Monte Velho\",\"isPartOf\":{\"@id\":\"https:\\\/\\\/montevelho.pt\\\/pt\\\/#website\"},\"primaryImageOfPage\":{\"@id\":\"https:\\\/\\\/montevelho.pt\\\/pt\\\/equo-resort\\\/#primaryimage\"},\"image\":{\"@id\":\"https:\\\/\\\/montevelho.pt\\\/pt\\\/equo-resort\\\/#primaryimage\"},\"thumbnailUrl\":\"https:\\\/\\\/montevelho.pt\\\/wp-content\\\/uploads\\\/2026\\\/03\\\/mv_equoresort_capa.jpg\",\"datePublished\":\"2026-02-01T00:00:46+00:00\",\"dateModified\":\"2026-04-08T15:08:12+00:00\",\"breadcrumb\":{\"@id\":\"https:\\\/\\\/montevelho.pt\\\/pt\\\/equo-resort\\\/#breadcrumb\"},\"inLanguage\":\"pt-PT\",\"potentialAction\":[{\"@type\":\"ReadAction\",\"target\":[\"https:\\\/\\\/montevelho.pt\\\/pt\\\/equo-resort\\\/\"]}]},{\"@type\":\"ImageObject\",\"inLanguage\":\"pt-PT\",\"@id\":\"https:\\\/\\\/montevelho.pt\\\/pt\\\/equo-resort\\\/#primaryimage\",\"url\":\"https:\\\/\\\/montevelho.pt\\\/wp-content\\\/uploads\\\/2026\\\/03\\\/mv_equoresort_capa.jpg\",\"contentUrl\":\"https:\\\/\\\/montevelho.pt\\\/wp-content\\\/uploads\\\/2026\\\/03\\\/mv_equoresort_capa.jpg\",\"width\":4752,\"height\":1569},{\"@type\":\"BreadcrumbList\",\"@id\":\"https:\\\/\\\/montevelho.pt\\\/pt\\\/equo-resort\\\/#breadcrumb\",\"itemListElement\":[{\"@type\":\"ListItem\",\"position\":1,\"name\":\"Home\",\"item\":\"https:\\\/\\\/montevelho.pt\\\/pt\\\/\"},{\"@type\":\"ListItem\",\"position\":2,\"name\":\"Monte Velho Equo-Resort\"}]},{\"@type\":\"WebSite\",\"@id\":\"https:\\\/\\\/montevelho.pt\\\/pt\\\/#website\",\"url\":\"https:\\\/\\\/montevelho.pt\\\/pt\\\/\",\"name\":\"Monte Velho\",\"description\":\"\",\"publisher\":{\"@id\":\"https:\\\/\\\/montevelho.pt\\\/pt\\\/#organization\"},\"potentialAction\":[{\"@type\":\"SearchAction\",\"target\":{\"@type\":\"EntryPoint\",\"urlTemplate\":\"https:\\\/\\\/montevelho.pt\\\/pt\\\/?s={search_term_string}\"},\"query-input\":{\"@type\":\"PropertyValueSpecification\",\"valueRequired\":true,\"valueName\":\"search_term_string\"}}],\"inLanguage\":\"pt-PT\"},{\"@type\":\"Organization\",\"@id\":\"https:\\\/\\\/montevelho.pt\\\/pt\\\/#organization\",\"name\":\"Monte Velho\",\"url\":\"https:\\\/\\\/montevelho.pt\\\/pt\\\/\",\"logo\":{\"@type\":\"ImageObject\",\"inLanguage\":\"pt-PT\",\"@id\":\"https:\\\/\\\/montevelho.pt\\\/pt\\\/#\\\/schema\\\/logo\\\/image\\\/\",\"url\":\"https:\\\/\\\/montevelho.pt\\\/wp-content\\\/uploads\\\/2026\\\/04\\\/organization-logo.png\",\"contentUrl\":\"https:\\\/\\\/montevelho.pt\\\/wp-content\\\/uploads\\\/2026\\\/04\\\/organization-logo.png\",\"width\":696,\"height\":696,\"caption\":\"Monte Velho\"},\"image\":{\"@id\":\"https:\\\/\\\/montevelho.pt\\\/pt\\\/#\\\/schema\\\/logo\\\/image\\\/\"}}]}<\/script>\n<!-- \/ Yoast SEO plugin. -->","yoast_head_json":{"title":"Monte Velho Equo-Resort - Monte Velho","robots":{"index":"index","follow":"follow","max-snippet":"max-snippet:-1","max-image-preview":"max-image-preview:large","max-video-preview":"max-video-preview:-1"},"canonical":"https:\/\/montevelho.pt\/pt\/equo-resort\/","og_locale":"pt_PT","og_type":"article","og_title":"Monte Velho Equo-Resort - Monte Velho","og_description":"In the heart of Alentejo, among hills, horses, and silence, Monte Velho Equo-Resort blends into the surrounding landscape. More than a place to stay, Monte Velho invites rest and contemplation. A refuge where nature sets the pace and every detail extends the silence.","og_url":"https:\/\/montevelho.pt\/pt\/equo-resort\/","og_site_name":"Monte Velho","article_modified_time":"2026-04-08T15:08:12+00:00","og_image":[{"width":4752,"height":1569,"url":"https:\/\/montevelho.pt\/wp-content\/uploads\/2026\/03\/mv_equoresort_capa.jpg","type":"image\/jpeg"}],"twitter_card":"summary_large_image","twitter_misc":{"Tempo estimado de leitura":"4 minutos"},"schema":{"@context":"https:\/\/schema.org","@graph":[{"@type":"WebPage","@id":"https:\/\/montevelho.pt\/pt\/equo-resort\/","url":"https:\/\/montevelho.pt\/pt\/equo-resort\/","name":"Monte Velho Equo-Resort - Monte Velho","isPartOf":{"@id":"https:\/\/montevelho.pt\/pt\/#website"},"primaryImageOfPage":{"@id":"https:\/\/montevelho.pt\/pt\/equo-resort\/#primaryimage"},"image":{"@id":"https:\/\/montevelho.pt\/pt\/equo-resort\/#primaryimage"},"thumbnailUrl":"https:\/\/montevelho.pt\/wp-content\/uploads\/2026\/03\/mv_equoresort_capa.jpg","datePublished":"2026-02-01T00:00:46+00:00","dateModified":"2026-04-08T15:08:12+00:00","breadcrumb":{"@id":"https:\/\/montevelho.pt\/pt\/equo-resort\/#breadcrumb"},"inLanguage":"pt-PT","potentialAction":[{"@type":"ReadAction","target":["https:\/\/montevelho.pt\/pt\/equo-resort\/"]}]},{"@type":"ImageObject","inLanguage":"pt-PT","@id":"https:\/\/montevelho.pt\/pt\/equo-resort\/#primaryimage","url":"https:\/\/montevelho.pt\/wp-content\/uploads\/2026\/03\/mv_equoresort_capa.jpg","contentUrl":"https:\/\/montevelho.pt\/wp-content\/uploads\/2026\/03\/mv_equoresort_capa.jpg","width":4752,"height":1569},{"@type":"BreadcrumbList","@id":"https:\/\/montevelho.pt\/pt\/equo-resort\/#breadcrumb","itemListElement":[{"@type":"ListItem","position":1,"name":"Home","item":"https:\/\/montevelho.pt\/pt\/"},{"@type":"ListItem","position":2,"name":"Monte Velho Equo-Resort"}]},{"@type":"WebSite","@id":"https:\/\/montevelho.pt\/pt\/#website","url":"https:\/\/montevelho.pt\/pt\/","name":"Monte Velho","description":"","publisher":{"@id":"https:\/\/montevelho.pt\/pt\/#organization"},"potentialAction":[{"@type":"SearchAction","target":{"@type":"EntryPoint","urlTemplate":"https:\/\/montevelho.pt\/pt\/?s={search_term_string}"},"query-input":{"@type":"PropertyValueSpecification","valueRequired":true,"valueName":"search_term_string"}}],"inLanguage":"pt-PT"},{"@type":"Organization","@id":"https:\/\/montevelho.pt\/pt\/#organization","name":"Monte Velho","url":"https:\/\/montevelho.pt\/pt\/","logo":{"@type":"ImageObject","inLanguage":"pt-PT","@id":"https:\/\/montevelho.pt\/pt\/#\/schema\/logo\/image\/","url":"https:\/\/montevelho.pt\/wp-content\/uploads\/2026\/04\/organization-logo.png","contentUrl":"https:\/\/montevelho.pt\/wp-content\/uploads\/2026\/04\/organization-logo.png","width":696,"height":696,"caption":"Monte Velho"},"image":{"@id":"https:\/\/montevelho.pt\/pt\/#\/schema\/logo\/image\/"}}]}},"_links":{"self":[{"href":"https:\/\/montevelho.pt\/pt\/wp-json\/wp\/v2\/pages\/1527","targetHints":{"allow":["GET"]}}],"collection":[{"href":"https:\/\/montevelho.pt\/pt\/wp-json\/wp\/v2\/pages"}],"about":[{"href":"https:\/\/montevelho.pt\/pt\/wp-json\/wp\/v2\/types\/page"}],"author":[{"embeddable":true,"href":"https:\/\/montevelho.pt\/pt\/wp-json\/wp\/v2\/users\/3"}],"replies":[{"embeddable":true,"href":"https:\/\/montevelho.pt\/pt\/wp-json\/wp\/v2\/comments?post=1527"}],"version-history":[{"count":21,"href":"https:\/\/montevelho.pt\/pt\/wp-json\/wp\/v2\/pages\/1527\/revisions"}],"predecessor-version":[{"id":2008,"href":"https:\/\/montevelho.pt\/pt\/wp-json\/wp\/v2\/pages\/1527\/revisions\/2008"}],"wp:featuredmedia":[{"embeddable":true,"href":"https:\/\/montevelho.pt\/pt\/wp-json\/wp\/v2\/media\/1947"}],"wp:attachment":[{"href":"https:\/\/montevelho.pt\/pt\/wp-json\/wp\/v2\/media?parent=1527"}],"curies":[{"name":"wp","href":"https:\/\/api.w.org\/{rel}","templated":true}]}}